{"id":52,"date":"2020-09-02T17:50:16","date_gmt":"2020-09-02T20:50:16","guid":{"rendered":"http:\/\/hom.aprendaprogramar.macae.ufrj.br\/?page_id=52"},"modified":"2025-02-17T14:08:23","modified_gmt":"2025-02-17T17:08:23","slug":"home","status":"publish","type":"page","link":"https:\/\/aprendaprogramar.macae.ufrj.br\/","title":{"rendered":""},"content":{"rendered":"<style>#wpgp--section-title-576{margin-bottom:10px;}#wpgp--slider-576 .sp-slide{width:100% !important;background-color:#0a0000;}#wpgp--slider-576 .sp-image-text{background-color:transparent;}#wpgp--slider-576 .sp-post-desc{font-family:inherit;font-weight:inherit;font-style:inherit;text-align:inherit;text-transform:inherit;font-size:26px;line-height:inherit;letter-spacing:inherit;color:inherit;}<\/style>\n<div class=\"wpgp--post-slider\">\n\t<div id=\"wpgp--slider-576\" class=\"slider-pro\"\n\t\tdata-width=\"100%\"\n\t\tdata-height=\"120\"\n\t\tdata-orientation=\"horizontal\"\n\t\tdata-autoplay=\"true\"\n\t\tdata-autoplayDelay=\"5000\"\n\t\tdata-autoplayOnHover=\"pause\"\n\t\tdata-autoplayDirection=\"normal\"\n\t\tdata-loop=\"true\"\n\t\tdata-arrows=\"true\"\n\t\tdata-buttons=\"false\"\n\t\tdata-breakpoints=null\t\tdata-immersiveCarousel=>\n\t\t<div class=\"sp-slides\">\n\n\t\t\t\t\t\t<div class=\"sp-slide\">\n\t\t\t\t\t\n\t\t\t\t\t<div class=\"sp-layer sp-static sp-image-text sp-padding\" data-horizontal=\"30\" data-vertical=\"30\" data-width=\"580\">\n\t\t\t\t\t\t\t\t\t\t\t\t<p class=\"sp-post-desc\">&#8220;Eu estou gostando muito do curso, e agora eu consigo ver como a ci\u00eancia de dados est\u00e1 t\u00e3o presente nas nossas vidas desde ao acordar a deitar para dormir.&#8221;<\/p>\n\t\t\t\t\t\t\t\t\t\t\t<\/div>\n\t\t\t\t<\/div>\n\t\t\t\t\t\t\t\t<div class=\"sp-slide\">\n\t\t\t\t\t\n\t\t\t\t\t<div class=\"sp-layer sp-static sp-image-text sp-padding\" data-horizontal=\"30\" data-vertical=\"30\" data-width=\"580\">\n\t\t\t\t\t\t\t\t\t\t\t\t<p class=\"sp-post-desc\">&#8220;O material apresentado pelo curso \u00e9 incr\u00edvel, realmente chama nossa aten\u00e7\u00e3o.&#8221;<\/p>\n\t\t\t\t\t\t\t\t\t\t\t<\/div>\n\t\t\t\t<\/div>\n\t\t\t\t\t\t\t\t<div class=\"sp-slide\">\n\t\t\t\t\t\n\t\t\t\t\t<div class=\"sp-layer sp-static sp-image-text sp-padding\" data-horizontal=\"30\" data-vertical=\"30\" data-width=\"580\">\n\t\t\t\t\t\t\t\t\t\t\t\t<p class=\"sp-post-desc\">\u201cTodos deveriam aprender a programar um computador, pois isso ensina a pensar.\u201d Steve Jobs<\/p>\n\t\t\t\t\t\t\t\t\t\t\t<\/div>\n\t\t\t\t<\/div>\n\t\t\t\t\t\t\t\t<div class=\"sp-slide\">\n\t\t\t\t\t\n\t\t\t\t\t<div class=\"sp-layer sp-static sp-image-text sp-padding\" data-horizontal=\"30\" data-vertical=\"30\" data-width=\"580\">\n\t\t\t\t\t\t\t\t\t\t\t\t<p class=\"sp-post-desc\">&#8220;Achei muito interessante a proposta que o curso tr\u00e1s, me interessei bastante depois de assistir os v\u00eddeos e pesquisar um pouco mais sobre ci\u00eancia de dados, agrade\u00e7o muito por proporcionar essa experi\u00eancia para n\u00f3s.&#8221;<\/p>\n\t\t\t\t\t\t\t\t\t\t\t<\/div>\n\t\t\t\t<\/div>\n\t\t\t\t\n\t\t<\/div>\n\n\t<\/div>\n<\/div>\n\n\n\n\n<div class=\"wp-block-media-text alignwide is-stacked-on-mobile\" style=\"grid-template-columns:39% auto\"><figure class=\"wp-block-media-text__media\"><img loading=\"lazy\" width=\"1024\" height=\"640\" src=\"http:\/\/hom.aprendaprogramar.macae.ufrj.br\/wp-content\/uploads\/2020\/09\/IMG_2174-1-e1599085825172-1024x640.jpg\" alt=\"\" class=\"wp-image-113\" srcset=\"https:\/\/aprendaprogramar.macae.ufrj.br\/wp-content\/uploads\/2020\/09\/IMG_2174-1-e1599085825172-1024x640.jpg 1024w, https:\/\/aprendaprogramar.macae.ufrj.br\/wp-content\/uploads\/2020\/09\/IMG_2174-1-e1599085825172-300x188.jpg 300w, https:\/\/aprendaprogramar.macae.ufrj.br\/wp-content\/uploads\/2020\/09\/IMG_2174-1-e1599085825172-768x480.jpg 768w, https:\/\/aprendaprogramar.macae.ufrj.br\/wp-content\/uploads\/2020\/09\/IMG_2174-1-e1599085825172-1536x960.jpg 1536w, https:\/\/aprendaprogramar.macae.ufrj.br\/wp-content\/uploads\/2020\/09\/IMG_2174-1-e1599085825172.jpg 2016w\" sizes=\"(max-width: 1024px) 100vw, 1024px\" \/><\/figure><div class=\"wp-block-media-text__content\">\n<p style=\"font-size:25px\"><strong>INSCRI\u00c7\u00d5ES<\/strong><\/p>\n\n\n\n<p>No in\u00edcio de cada semestre os per\u00eddos de inscri\u00e7\u00e3o s\u00e3o divulgadas no Instagram no projeto. Aqui no site voc\u00ea encontrar\u00e1 os formul\u00e1rios de inscri\u00e7\u00e3o<\/p>\n\n\n\n<div class=\"wp-block-buttons alignleft\">\n<div class=\"wp-block-button is-style-fill\"><a class=\"wp-block-button__link\" href=\"https:\/\/www.instagram.com\/projetoaprendaprogramar\/\" target=\"_blank\" rel=\"noreferrer noopener\">Saiba Mais<\/a><\/div>\n<\/div>\n\n\n\n<p><\/p>\n<\/div><\/div>\n\n\n\n<div class=\"wp-block-media-text alignwide is-stacked-on-mobile\" style=\"grid-template-columns:39% auto\"><figure class=\"wp-block-media-text__media\"><img loading=\"lazy\" width=\"852\" height=\"533\" src=\"http:\/\/hom.aprendaprogramar.macae.ufrj.br\/wp-content\/uploads\/2020\/09\/WhatsApp-Image-2019-10-24-at-18.15.15-edited-e1599086074538.jpg\" alt=\"\" class=\"wp-image-88\" srcset=\"https:\/\/aprendaprogramar.macae.ufrj.br\/wp-content\/uploads\/2020\/09\/WhatsApp-Image-2019-10-24-at-18.15.15-edited-e1599086074538.jpg 852w, https:\/\/aprendaprogramar.macae.ufrj.br\/wp-content\/uploads\/2020\/09\/WhatsApp-Image-2019-10-24-at-18.15.15-edited-e1599086074538-300x188.jpg 300w, https:\/\/aprendaprogramar.macae.ufrj.br\/wp-content\/uploads\/2020\/09\/WhatsApp-Image-2019-10-24-at-18.15.15-edited-e1599086074538-768x480.jpg 768w\" sizes=\"(max-width: 852px) 100vw, 852px\" \/><\/figure><div class=\"wp-block-media-text__content\">\n<p style=\"font-size:25px\"><strong>PESQUISA<\/strong><\/p>\n\n\n\n<p>Conhe\u00e7a aqui os artigos cient\u00edficos produzidos pela nossa equipe. <\/p>\n\n\n\n<div class=\"wp-block-buttons\">\n<div class=\"wp-block-button is-style-fill\"><a class=\"wp-block-button__link has-white-color has-text-color\" href=\"https:\/\/aprendaprogramar.macae.ufrj.br\/index.php\/pesquisa\/\" target=\"_blank\" rel=\"noreferrer noopener\">Saiba Mais<\/a><\/div>\n<\/div>\n<\/div><\/div>\n\n\n\n<hr class=\"wp-block-separator\"\/>\n\n\n\n<h3 class=\"has-text-align-center\">NOSSOS N\u00daMEROS<\/h3>\n\n\n\n<div class=\"wp-block-columns\">\n<div class=\"wp-block-column\">\n<div class=\"wp-block-image\"><figure class=\"aligncenter size-large is-resized\"><img loading=\"lazy\" src=\"https:\/\/t4.ftcdn.net\/jpg\/01\/00\/51\/77\/240_F_100517705_DVhbMQQZKc4HEDvYJxanXWlMV5MHqemt.jpg\" alt=\"\" width=\"100\" height=\"100\"\/><\/figure><\/div>\n\n\n\n<h3 class=\"has-text-align-center\">+3300<\/h3>\n\n\n\n<p class=\"has-text-align-center\"><strong>CRIAN\u00c7AS E JOVENS J\u00c1 PARTICIPARAM<\/strong><\/p>\n<\/div>\n\n\n\n<div class=\"wp-block-column\">\n<div class=\"wp-block-image\"><figure class=\"aligncenter size-large is-resized\"><img loading=\"lazy\" src=\"https:\/\/t4.ftcdn.net\/jpg\/02\/39\/06\/85\/240_F_239068579_8FQK3K7Bs9235z7pP96nZCkkOR5nB5g9.jpg\" alt=\"\" width=\"99\" height=\"100\"\/><\/figure><\/div>\n\n\n\n<h3 class=\"has-text-align-center\">204<\/h3>\n\n\n\n<p class=\"has-text-align-center\"><strong>OFICINAS E MINICURSOS OFERTADOS<\/strong><\/p>\n<\/div>\n\n\n\n<div class=\"wp-block-column\">\n<div class=\"wp-block-image\"><figure class=\"aligncenter size-large is-resized\"><img loading=\"lazy\" src=\"https:\/\/aprendaprogramar.macae.ufrj.br\/wp-content\/uploads\/2022\/08\/240_F_329264340_0xE1B4gfsYgNiBtRaP258OJz7s5QSsiI.jpg\" alt=\"\" class=\"wp-image-584\" width=\"100\" height=\"100\" srcset=\"https:\/\/aprendaprogramar.macae.ufrj.br\/wp-content\/uploads\/2022\/08\/240_F_329264340_0xE1B4gfsYgNiBtRaP258OJz7s5QSsiI.jpg 240w, https:\/\/aprendaprogramar.macae.ufrj.br\/wp-content\/uploads\/2022\/08\/240_F_329264340_0xE1B4gfsYgNiBtRaP258OJz7s5QSsiI-150x150.jpg 150w\" sizes=\"(max-width: 100px) 100vw, 100px\" \/><\/figure><\/div>\n\n\n\n<h3 class=\"has-text-align-center\">93<\/h3>\n\n\n\n<p><strong>PARCERIAS COM ESCOLAS E PROJETOS DE EXTENS\u00c3O<\/strong><\/p>\n<\/div>\n<\/div>\n\n\n\n<hr class=\"wp-block-separator\"\/>\n\n\n\n<div class=\"wp-block-media-text alignwide is-stacked-on-mobile\" style=\"grid-template-columns:31% auto\"><figure class=\"wp-block-media-text__media\"><img loading=\"lazy\" width=\"1024\" height=\"642\" src=\"http:\/\/aprendaprogramar.macae.ufrj.br\/wp-content\/uploads\/2024\/03\/selo-social-2-1024x642.jpg\" alt=\"\" class=\"wp-image-766\" srcset=\"https:\/\/aprendaprogramar.macae.ufrj.br\/wp-content\/uploads\/2024\/03\/selo-social-2-1024x642.jpg 1024w, https:\/\/aprendaprogramar.macae.ufrj.br\/wp-content\/uploads\/2024\/03\/selo-social-2-300x188.jpg 300w, https:\/\/aprendaprogramar.macae.ufrj.br\/wp-content\/uploads\/2024\/03\/selo-social-2-768x481.jpg 768w, https:\/\/aprendaprogramar.macae.ufrj.br\/wp-content\/uploads\/2024\/03\/selo-social-2-600x376.jpg 600w, https:\/\/aprendaprogramar.macae.ufrj.br\/wp-content\/uploads\/2024\/03\/selo-social-2.jpg 1090w\" sizes=\"(max-width: 1024px) 100vw, 1024px\" \/><\/figure><div class=\"wp-block-media-text__content\">\n<h1><strong>Selo ODS EDU<\/strong> <\/h1>\n\n\n\n<p><em>\u00c9 uma certifica\u00e7\u00e3o que busca estimular a participa\u00e7\u00e3o efetiva das institui\u00e7\u00f5es de ensino no alcance das metas da agenda 2030 para o Desenvolvimento Sustent\u00e1vel. Por meio de uma tecnologia social de reconhecimento de boas pr\u00e1ticas e solu\u00e7\u00f5es desenvolvidas pelas institui\u00e7\u00f5es participantes engajamos a comunidade acad\u00eamica na elabora\u00e7\u00e3o de pr\u00e1ticas sustent\u00e1veis para um mundo mais justo e inclusivo. A partir deste selo, o nosso projeto cumpre com os dois Objetivos de Desenvolvimento Sustent\u00e1vel descritos nas imagens abaixo.<\/em><\/p>\n<\/div><\/div>\n\n\n\n<div class=\"wp-block-group alignwide\"><div class=\"wp-block-group__inner-container\">\n<div class=\"wp-block-group\"><div class=\"wp-block-group__inner-container\">\n<div class=\"wp-block-group\"><div class=\"wp-block-group__inner-container\"><\/div><\/div>\n\n\n\n<div class=\"wp-block-columns\">\n<div class=\"wp-block-column\">\n<div class=\"wp-block-image\"><figure class=\"aligncenter size-large\"><img loading=\"lazy\" width=\"280\" height=\"280\" src=\"http:\/\/aprendaprogramar.macae.ufrj.br\/wp-content\/uploads\/2024\/03\/9d6116_e30df6f4f05f428c8980eb404d2c7207mv2.png\" alt=\"\" class=\"wp-image-765\" srcset=\"https:\/\/aprendaprogramar.macae.ufrj.br\/wp-content\/uploads\/2024\/03\/9d6116_e30df6f4f05f428c8980eb404d2c7207mv2.png 280w, https:\/\/aprendaprogramar.macae.ufrj.br\/wp-content\/uploads\/2024\/03\/9d6116_e30df6f4f05f428c8980eb404d2c7207mv2-150x150.png 150w\" sizes=\"(max-width: 280px) 100vw, 280px\" \/><figcaption>Objetivo de Desenvolvimento Sustent\u00e1vel 4 :<br>Assegurar a educa\u00e7\u00e3o inclusiva e equitativa e de qualidade, e promover oportunidades de aprendizagem ao longo da vida para todos.<\/figcaption><\/figure><\/div>\n<\/div>\n\n\n\n<div class=\"wp-block-column\">\n<div class=\"wp-block-image\"><figure class=\"aligncenter size-large is-resized\"><img loading=\"lazy\" src=\"http:\/\/aprendaprogramar.macae.ufrj.br\/wp-content\/uploads\/2024\/03\/ODS-9-1-1.png\" alt=\"\" class=\"wp-image-764\" width=\"287\" height=\"287\" srcset=\"https:\/\/aprendaprogramar.macae.ufrj.br\/wp-content\/uploads\/2024\/03\/ODS-9-1-1.png 465w, https:\/\/aprendaprogramar.macae.ufrj.br\/wp-content\/uploads\/2024\/03\/ODS-9-1-1-300x300.png 300w, https:\/\/aprendaprogramar.macae.ufrj.br\/wp-content\/uploads\/2024\/03\/ODS-9-1-1-150x150.png 150w\" sizes=\"(max-width: 287px) 100vw, 287px\" \/><figcaption>Objetivo de Desenvolvimento Sustent\u00e1vel 9 :<br>Construir infraestrutura resiliente, promover a industrializa\u00e7\u00e3o inclusiva e sustent\u00e1vel, e fomentar a inova\u00e7\u00e3o.<\/figcaption><\/figure><\/div>\n<\/div>\n<\/div>\n\n\n\n<figure class=\"wp-block-gallery columns-0 is-cropped\"><ul class=\"blocks-gallery-grid\"><\/ul><\/figure>\n<\/div><\/div>\n<\/div><\/div>\n\n\n\n<hr class=\"wp-block-separator\"\/>\n\n\n\n<h4 class=\"has-text-align-center\"><strong>ACOMPANHE NOSSAS REDES SOCIAIS!<\/strong><\/h4>\n\n\n\n<figure class=\"wp-block-embed-youtube wp-block-embed is-type-video is-provider-youtube wp-embed-aspect-16-9 wp-has-aspect-ratio\"><div class=\"wp-block-embed__wrapper\">\n<iframe title=\"Aprenda a Programar Jogando: Apresenta\u00e7\u00e3o\" width=\"770\" height=\"433\" src=\"https:\/\/www.youtube.com\/embed\/swSSpJWdaQw?feature=oembed\" frameborder=\"0\" allow=\"accelerometer; autoplay; clipboard-write; encrypted-media; gyroscope; picture-in-picture; web-share\" referrerpolicy=\"strict-origin-when-cross-origin\" allowfullscreen><\/iframe>\n<\/div><\/figure>\n\n\n\n<p><\/p>\n","protected":false},"excerpt":{"rendered":"<p>NOSSOS N\u00daMEROS +3300 CRIAN\u00c7AS E JOVENS J\u00c1 PARTICIPARAM 204 OFICINAS E MINICURSOS OFERTADOS 93 PARCERIAS COM ESCOLAS E PROJETOS DE EXTENS\u00c3O Selo ODS EDU \u00c9 uma certifica\u00e7\u00e3o que busca estimular a participa\u00e7\u00e3o efetiva das institui\u00e7\u00f5es de ensino no alcance das metas da agenda 2030 para o Desenvolvimento Sustent\u00e1vel. Por meio de uma tecnologia social de [&hellip;]<\/p>\n","protected":false},"author":1,"featured_media":0,"parent":0,"menu_order":0,"comment_status":"closed","ping_status":"closed","template":"","meta":[],"_links":{"self":[{"href":"https:\/\/aprendaprogramar.macae.ufrj.br\/index.php\/wp-json\/wp\/v2\/pages\/52"}],"collection":[{"href":"https:\/\/aprendaprogramar.macae.ufrj.br\/index.php\/wp-json\/wp\/v2\/pages"}],"about":[{"href":"https:\/\/aprendaprogramar.macae.ufrj.br\/index.php\/wp-json\/wp\/v2\/types\/page"}],"author":[{"embeddable":true,"href":"https:\/\/aprendaprogramar.macae.ufrj.br\/index.php\/wp-json\/wp\/v2\/users\/1"}],"replies":[{"embeddable":true,"href":"https:\/\/aprendaprogramar.macae.ufrj.br\/index.php\/wp-json\/wp\/v2\/comments?post=52"}],"version-history":[{"count":72,"href":"https:\/\/aprendaprogramar.macae.ufrj.br\/index.php\/wp-json\/wp\/v2\/pages\/52\/revisions"}],"predecessor-version":[{"id":1042,"href":"https:\/\/aprendaprogramar.macae.ufrj.br\/index.php\/wp-json\/wp\/v2\/pages\/52\/revisions\/1042"}],"wp:attachment":[{"href":"https:\/\/aprendaprogramar.macae.ufrj.br\/index.php\/wp-json\/wp\/v2\/media?parent=52"}],"curies":[{"name":"wp","href":"https:\/\/api.w.org\/{rel}","templated":true}]}}