{"id":53,"date":"2020-09-02T17:50:17","date_gmt":"2020-09-02T20:50:17","guid":{"rendered":"http:\/\/hom.aprendaprogramar.macae.ufrj.br\/?page_id=53"},"modified":"2025-02-11T11:13:04","modified_gmt":"2025-02-11T14:13:04","slug":"quem-somos","status":"publish","type":"page","link":"https:\/\/aprendaprogramar.macae.ufrj.br\/index.php\/quem-somos\/","title":{"rendered":"QUEM SOMOS"},"content":{"rendered":"\n<p>O estudo da programa\u00e7\u00e3o n\u00e3o \u00e9 mais exclusivo para pessoas da \u00e1rea de computa\u00e7\u00e3o e vem sendo introduzido na educa\u00e7\u00e3o de crian\u00e7as e jovens em diversos pa\u00edses devido \u00e0s habilidades e benef\u00edcios que promovem.<\/p>\n\n\n\n<p>A programa\u00e7\u00e3o de computadores estimula a criatividade, o racioc\u00ednio l\u00f3gico, facilita na organiza\u00e7\u00e3o dos pensamentos e na solu\u00e7\u00e3o de problemas.<\/p>\n\n\n\n<p>O <strong>Aprenda a Programar Jogando<\/strong> \u00e9 um projeto de extens\u00e3o da UFRJ-Maca\u00e9 criado em 2016 e trabalha para divulgar e propagar o ensino da Ci\u00eancia da Computa\u00e7\u00e3o para crian\u00e7as e jovens por meio de oficinas e minicursos gratuitos.<\/p>\n\n\n\n<p>O objetivo desse projeto \u00e9 apresentar os conceitos de programa\u00e7\u00e3o e computa\u00e7\u00e3o e mostrar para crian\u00e7as e jovens que \u00e9 poss\u00edvel eles serem criadores das tecnologias que usam no dia a dia. Nas atividades realizadas as crian\u00e7as e jovens poder\u00e3o criar jogos e aplicativos para smartphones e tablets.<\/p>\n\n\n\n<h2 class=\"has-black-color has-text-color\" style=\"font-size:28px\">EQUIPE<\/h2>\n\n\n\n<div class=\"wp-block-columns\">\n<div class=\"wp-block-column\">\n<p><strong>Professores<\/strong><\/p>\n\n\n\n<p>Prof\u00aa. Jana\u00edna Santa&#8217;Anna Gomide Gomes (Coordenadora)<\/p>\n\n\n\n<p>Prof\u00aa. Flavia Ribeiro Villela<\/p>\n\n\n\n<p>Prof\u00ba. Jefferson Ribeiro Nogueira<\/p>\n\n\n\n<p>Prof\u00aa. Laura Emmanuella Alves dos Santos Santana<\/p>\n\n\n\n<p><strong>Monitores (Alunos de Engenharia da UFRJ):<\/strong><\/p>\n\n\n\n<p>Ana Julia Mayumi Taqueuti &#8211; Bolsista PROFAEx<br>Bruno Tavares Massa<br>Clayton Gabriel Souza Marangon<br>Carlos Alberto Borba Pereira<br>Jo\u00e3o Pedro de Azevedo Nascimento<br>Jo\u00e3o Pedro Oliveira Vieira<br>J\u00falia Silva Oliveira<br>Kau\u00e3 Dias Caetano<br>Keythlane Undembergue da Silva<br>Lucas Rezende Borges de Azevedo &#8211; Bolsista PROFAEx<br>Maria Eduarda Namba &#8211; Bolsista PROFAEx<br>Manuella Medeiros Carvallo Perez<br>Mylena Dias Bento<br>Maria Fernanda Machado Santos<br>Mariana Pereira de Almeida Carvalho<br>Nayra Marquez de Souza<br>Pedro Jos\u00e9 Silva dos Santos<br>Pedro Paulo da Silva Ramos<br>Vit\u00f3ria Lima Pinheiro<\/p>\n<\/div>\n\n\n\n<div class=\"wp-block-column\">\n<p><strong>Fotos da Equipe<\/strong><\/p>\n\n\n\n<figure class=\"wp-block-image size-large\"><img loading=\"lazy\" width=\"1024\" height=\"768\" src=\"https:\/\/aprendaprogramar.macae.ufrj.br\/wp-content\/uploads\/2025\/02\/WhatsApp-Image-2024-12-18-at-09.22.58-1024x768.jpeg\" alt=\"\" class=\"wp-image-1035\" srcset=\"https:\/\/aprendaprogramar.macae.ufrj.br\/wp-content\/uploads\/2025\/02\/WhatsApp-Image-2024-12-18-at-09.22.58-1024x768.jpeg 1024w, https:\/\/aprendaprogramar.macae.ufrj.br\/wp-content\/uploads\/2025\/02\/WhatsApp-Image-2024-12-18-at-09.22.58-300x225.jpeg 300w, https:\/\/aprendaprogramar.macae.ufrj.br\/wp-content\/uploads\/2025\/02\/WhatsApp-Image-2024-12-18-at-09.22.58-768x576.jpeg 768w, https:\/\/aprendaprogramar.macae.ufrj.br\/wp-content\/uploads\/2025\/02\/WhatsApp-Image-2024-12-18-at-09.22.58-600x450.jpeg 600w, https:\/\/aprendaprogramar.macae.ufrj.br\/wp-content\/uploads\/2025\/02\/WhatsApp-Image-2024-12-18-at-09.22.58.jpeg 1280w\" sizes=\"(max-width: 1024px) 100vw, 1024px\" \/><figcaption>Equipe Aprenda a Programar 2024<\/figcaption><\/figure>\n<\/div>\n<\/div>\n\n\n\n<div class=\"wp-block-group\"><div class=\"wp-block-group__inner-container\"><\/div><\/div>\n","protected":false},"excerpt":{"rendered":"<p>O estudo da programa\u00e7\u00e3o n\u00e3o \u00e9 mais exclusivo para pessoas da \u00e1rea de computa\u00e7\u00e3o e vem sendo introduzido na educa\u00e7\u00e3o de crian\u00e7as e jovens em diversos pa\u00edses devido \u00e0s habilidades e benef\u00edcios que promovem. A programa\u00e7\u00e3o de computadores estimula a criatividade, o racioc\u00ednio l\u00f3gico, facilita na organiza\u00e7\u00e3o dos pensamentos e na solu\u00e7\u00e3o de problemas. O [&hellip;]<\/p>\n","protected":false},"author":1,"featured_media":0,"parent":0,"menu_order":0,"comment_status":"closed","ping_status":"closed","template":"","meta":[],"_links":{"self":[{"href":"https:\/\/aprendaprogramar.macae.ufrj.br\/index.php\/wp-json\/wp\/v2\/pages\/53"}],"collection":[{"href":"https:\/\/aprendaprogramar.macae.ufrj.br\/index.php\/wp-json\/wp\/v2\/pages"}],"about":[{"href":"https:\/\/aprendaprogramar.macae.ufrj.br\/index.php\/wp-json\/wp\/v2\/types\/page"}],"author":[{"embeddable":true,"href":"https:\/\/aprendaprogramar.macae.ufrj.br\/index.php\/wp-json\/wp\/v2\/users\/1"}],"replies":[{"embeddable":true,"href":"https:\/\/aprendaprogramar.macae.ufrj.br\/index.php\/wp-json\/wp\/v2\/comments?post=53"}],"version-history":[{"count":14,"href":"https:\/\/aprendaprogramar.macae.ufrj.br\/index.php\/wp-json\/wp\/v2\/pages\/53\/revisions"}],"predecessor-version":[{"id":1036,"href":"https:\/\/aprendaprogramar.macae.ufrj.br\/index.php\/wp-json\/wp\/v2\/pages\/53\/revisions\/1036"}],"wp:attachment":[{"href":"https:\/\/aprendaprogramar.macae.ufrj.br\/index.php\/wp-json\/wp\/v2\/media?parent=53"}],"curies":[{"name":"wp","href":"https:\/\/api.w.org\/{rel}","templated":true}]}}